{"id":837,"date":"2020-07-03T17:20:55","date_gmt":"2020-07-03T15:20:55","guid":{"rendered":"http:\/\/www.leserviceinfo.com\/?page_id=837"},"modified":"2022-02-16T16:21:04","modified_gmt":"2022-02-16T15:21:04","slug":"contact","status":"publish","type":"page","link":"https:\/\/www.leserviceinfo.com\/?page_id=837","title":{"rendered":"Nous contacter"},"content":{"rendered":"<p>[vc_row][vc_column][vc_separator color=\u00a0\u00bbsky\u00a0\u00bb style=\u00a0\u00bbshadow\u00a0\u00bb border_width=\u00a0\u00bb4&Prime; css=\u00a0\u00bb.vc_custom_1593816216629{margin-bottom: 25px !important;}\u00a0\u00bb]<div role=\"form\" class=\"wpcf7\" id=\"wpcf7-f92-o1\" lang=\"fr-FR\" dir=\"ltr\">\n<div class=\"screen-reader-response\"><p role=\"status\" aria-live=\"polite\" aria-atomic=\"true\"><\/p> <ul><\/ul><\/div>\n<form action=\"\/index.php?rest_route=%2Fwp%2Fv2%2Fpages%2F837#wpcf7-f92-o1\" method=\"post\" class=\"wpcf7-form init\" novalidate=\"novalidate\" data-status=\"init\">\n<div style=\"display: none;\">\n<input type=\"hidden\" name=\"_wpcf7\" value=\"92\" \/>\n<input type=\"hidden\" name=\"_wpcf7_version\" value=\"5.6.4\" \/>\n<input type=\"hidden\" name=\"_wpcf7_locale\" value=\"fr_FR\" \/>\n<input type=\"hidden\" name=\"_wpcf7_unit_tag\" value=\"wpcf7-f92-o1\" \/>\n<input type=\"hidden\" name=\"_wpcf7_container_post\" value=\"0\" \/>\n<input type=\"hidden\" name=\"_wpcf7_posted_data_hash\" value=\"\" \/>\n<\/div>\n<div id=\"formulaire-responsive\" class=\"clearfix\">\n<div class=\"rang-form\">\n<div class=\"demi-colonne\"><span class=\"wpcf7-form-control-wrap\" data-name=\"Nom\"><input type=\"text\" name=\"Nom\" value=\"\" size=\"40\" class=\"wpcf7-form-control wpcf7-text wpcf7-validates-as-required\" aria-required=\"true\" aria-invalid=\"false\" placeholder=\"Nom (obligatoire)\" \/><\/span><\/div>\n<div class=\"demi-colonne\"><span class=\"wpcf7-form-control-wrap\" data-name=\"Prenom\"><input type=\"text\" name=\"Prenom\" value=\"\" size=\"40\" class=\"wpcf7-form-control wpcf7-text wpcf7-validates-as-required\" aria-required=\"true\" aria-invalid=\"false\" placeholder=\"Pr\u00e9nom (obligatoire)\" \/><\/span><\/div>\n<\/div>\n<div class=\"rang-form\">\n<div class=\"demi-colonne\"><span class=\"wpcf7-form-control-wrap\" data-name=\"Email\"><input type=\"email\" name=\"Email\" value=\"\" size=\"40\" class=\"wpcf7-form-control wpcf7-text wpcf7-email wpcf7-validates-as-required wpcf7-validates-as-email\" aria-required=\"true\" aria-invalid=\"false\" placeholder=\"Email (obligatoire)\" \/><\/span><\/div>\n<div class=\"demi-colonne\"><span class=\"wpcf7-form-control-wrap\" data-name=\"Phone\"><input type=\"tel\" name=\"Phone\" value=\"\" size=\"40\" class=\"wpcf7-form-control wpcf7-text wpcf7-tel wpcf7-validates-as-tel\" aria-invalid=\"false\" placeholder=\"T\u00e9l\u00e9phone\" \/><\/span><\/div>\n<\/div>\n<div class=\"rang-form\">\n<div class=\"colonne\"><span class=\"wpcf7-form-control-wrap\" data-name=\"Raisonsociale\"><input type=\"text\" name=\"Raisonsociale\" value=\"\" size=\"40\" class=\"wpcf7-form-control wpcf7-text\" aria-invalid=\"false\" placeholder=\"Raison sociale\" \/><\/span><\/div>\n<\/div>\n<div class=\"rang-form\">\n<div class=\"colonne\"><span class=\"wpcf7-form-control-wrap\" data-name=\"Adresse\"><input type=\"text\" name=\"Adresse\" value=\"\" size=\"40\" class=\"wpcf7-form-control wpcf7-text\" aria-invalid=\"false\" placeholder=\"Adresse\" \/><\/span><\/div>\n<\/div>\n<div class=\"rang-form\">\n<div class=\"demi-colonne\"><span class=\"wpcf7-form-control-wrap\" data-name=\"CP\"><input type=\"text\" name=\"CP\" value=\"\" size=\"40\" class=\"wpcf7-form-control wpcf7-text\" aria-invalid=\"false\" placeholder=\"Code Postal\" \/><\/span><\/div>\n<div class=\"demi-colonne\"><span class=\"wpcf7-form-control-wrap\" data-name=\"Ville\"><input type=\"text\" name=\"Ville\" value=\"\" size=\"40\" class=\"wpcf7-form-control wpcf7-text\" aria-invalid=\"false\" placeholder=\"Ville\" \/><\/span><\/div>\n<\/div>\n<div class=\"rang-form\">\n<div class=\"colonne\"><span class=\"wpcf7-form-control-wrap\" data-name=\"Sujet\"><input type=\"text\" name=\"Sujet\" value=\"\" size=\"40\" class=\"wpcf7-form-control wpcf7-text wpcf7-validates-as-required\" aria-required=\"true\" aria-invalid=\"false\" placeholder=\"Sujet (obligatoire)\" \/><\/span><\/div>\n<\/div>\n<div class=\"rang-form\">\n<div class=\"colonne\"><span class=\"wpcf7-form-control-wrap\" data-name=\"Message\"><textarea name=\"Message\" cols=\"40\" rows=\"10\" class=\"wpcf7-form-control wpcf7-textarea wpcf7-validates-as-required\" aria-required=\"true\" aria-invalid=\"false\" placeholder=\"Message (obligatoire)\"><\/textarea><\/span><\/div>\n<\/div>\n<div class=\"rang-form\">\n<div class=\"colonne\">[anr_nocaptcha g-recaptcha-response]<\/div>\n<\/div>\n<div class=\"rang-form\">\n<div class=\"colonne\"><input type=\"submit\" value=\"Envoyer votre message\" class=\"wpcf7-form-control has-spinner wpcf7-submit\" \/><\/div>\n<\/div>\n<\/div>\n<div class=\"wpcf7-response-output\" aria-hidden=\"true\"><\/div><\/form><\/div>[vc_separator color=\u00a0\u00bbsky\u00a0\u00bb style=\u00a0\u00bbshadow\u00a0\u00bb border_width=\u00a0\u00bb4&Prime; css=\u00a0\u00bb.vc_custom_1593816238386{margin-top: 25px !important;}\u00a0\u00bb][\/vc_column][\/vc_row]<\/p>\n","protected":false},"excerpt":{"rendered":"<p>[vc_row][vc_column][vc_separator color=\u00a0\u00bbsky\u00a0\u00bb style=\u00a0\u00bbshadow\u00a0\u00bb border_width=\u00a0\u00bb4&Prime; css=\u00a0\u00bb.vc_custom_1593816216629{margin-bottom: 25px !important;}\u00a0\u00bb][vc_separator color=\u00a0\u00bbsky\u00a0\u00bb style=\u00a0\u00bbshadow\u00a0\u00bb border_width=\u00a0\u00bb4&Prime; css=\u00a0\u00bb.vc_custom_1593816238386{margin-top: 25px !important;}\u00a0\u00bb][\/vc_column][\/vc_row]<\/p>\n","protected":false},"author":1,"featured_media":0,"parent":0,"menu_order":0,"comment_status":"closed","ping_status":"closed","template":"","meta":[],"yoast_head":"<!-- This site is optimized with the Yoast SEO plugin v19.13 - https:\/\/yoast.com\/wordpress\/plugins\/seo\/ -->\n<title>Le Service Info - L\u2019informatique sans inqui\u00e9tude<\/title>\n<meta name=\"description\" content=\"Administration SI - Gestion de parcs - Conseil - Audit informatique - D\u00e9pannage - Assistance - DSI externalis\u00e9e - R\u00e9seaux - H\u00e9bergement - Vente - Fiancement\" \/>\n<meta name=\"robots\" content=\"index, follow, max-snippet:-1, max-image-preview:large, max-video-preview:-1\" \/>\n<link rel=\"canonical\" href=\"https:\/\/www.leserviceinfo.com\/?page_id=837\" \/>\n<meta property=\"og:locale\" content=\"fr_FR\" \/>\n<meta property=\"og:type\" content=\"article\" \/>\n<meta property=\"og:title\" content=\"Le Service Info - L\u2019informatique sans inqui\u00e9tude\" \/>\n<meta property=\"og:description\" content=\"Administration SI - Gestion de parcs - Conseil - Audit informatique - D\u00e9pannage - Assistance - DSI externalis\u00e9e - R\u00e9seaux - H\u00e9bergement - Vente - Fiancement\" \/>\n<meta property=\"og:url\" content=\"https:\/\/www.leserviceinfo.com\/?page_id=837\" \/>\n<meta property=\"og:site_name\" content=\"Le Service Info\" \/>\n<meta property=\"article:modified_time\" content=\"2022-02-16T15:21:04+00:00\" \/>\n<meta name=\"twitter:card\" content=\"summary_large_image\" \/>\n<script type=\"application\/ld+json\" class=\"yoast-schema-graph\">{\"@context\":\"https:\/\/schema.org\",\"@graph\":[{\"@type\":\"WebPage\",\"@id\":\"https:\/\/www.leserviceinfo.com\/?page_id=837\",\"url\":\"https:\/\/www.leserviceinfo.com\/?page_id=837\",\"name\":\"Le Service Info - L\u2019informatique sans inqui\u00e9tude\",\"isPartOf\":{\"@id\":\"http:\/\/www.leserviceinfo.com\/#website\"},\"datePublished\":\"2020-07-03T15:20:55+00:00\",\"dateModified\":\"2022-02-16T15:21:04+00:00\",\"description\":\"Administration SI - Gestion de parcs - Conseil - Audit informatique - D\u00e9pannage - Assistance - DSI externalis\u00e9e - R\u00e9seaux - H\u00e9bergement - Vente - Fiancement\",\"breadcrumb\":{\"@id\":\"https:\/\/www.leserviceinfo.com\/?page_id=837#breadcrumb\"},\"inLanguage\":\"fr-FR\",\"potentialAction\":[{\"@type\":\"ReadAction\",\"target\":[\"https:\/\/www.leserviceinfo.com\/?page_id=837\"]}]},{\"@type\":\"BreadcrumbList\",\"@id\":\"https:\/\/www.leserviceinfo.com\/?page_id=837#breadcrumb\",\"itemListElement\":[{\"@type\":\"ListItem\",\"position\":1,\"name\":\"Accueil\",\"item\":\"http:\/\/www.leserviceinfo.com\/\"},{\"@type\":\"ListItem\",\"position\":2,\"name\":\"Nous contacter\"}]},{\"@type\":\"WebSite\",\"@id\":\"http:\/\/www.leserviceinfo.com\/#website\",\"url\":\"http:\/\/www.leserviceinfo.com\/\",\"name\":\"Le Service Info\",\"description\":\"\",\"potentialAction\":[{\"@type\":\"SearchAction\",\"target\":{\"@type\":\"EntryPoint\",\"urlTemplate\":\"http:\/\/www.leserviceinfo.com\/?s={search_term_string}\"},\"query-input\":\"required name=search_term_string\"}],\"inLanguage\":\"fr-FR\"}]}<\/script>\n<!-- \/ Yoast SEO plugin. -->","yoast_head_json":{"title":"Le Service Info - L\u2019informatique sans inqui\u00e9tude","description":"Administration SI - Gestion de parcs - Conseil - Audit informatique - D\u00e9pannage - Assistance - DSI externalis\u00e9e - R\u00e9seaux - H\u00e9bergement - Vente - Fiancement","robots":{"index":"index","follow":"follow","max-snippet":"max-snippet:-1","max-image-preview":"max-image-preview:large","max-video-preview":"max-video-preview:-1"},"canonical":"https:\/\/www.leserviceinfo.com\/?page_id=837","og_locale":"fr_FR","og_type":"article","og_title":"Le Service Info - L\u2019informatique sans inqui\u00e9tude","og_description":"Administration SI - Gestion de parcs - Conseil - Audit informatique - D\u00e9pannage - Assistance - DSI externalis\u00e9e - R\u00e9seaux - H\u00e9bergement - Vente - Fiancement","og_url":"https:\/\/www.leserviceinfo.com\/?page_id=837","og_site_name":"Le Service Info","article_modified_time":"2022-02-16T15:21:04+00:00","twitter_card":"summary_large_image","schema":{"@context":"https:\/\/schema.org","@graph":[{"@type":"WebPage","@id":"https:\/\/www.leserviceinfo.com\/?page_id=837","url":"https:\/\/www.leserviceinfo.com\/?page_id=837","name":"Le Service Info - L\u2019informatique sans inqui\u00e9tude","isPartOf":{"@id":"http:\/\/www.leserviceinfo.com\/#website"},"datePublished":"2020-07-03T15:20:55+00:00","dateModified":"2022-02-16T15:21:04+00:00","description":"Administration SI - Gestion de parcs - Conseil - Audit informatique - D\u00e9pannage - Assistance - DSI externalis\u00e9e - R\u00e9seaux - H\u00e9bergement - Vente - Fiancement","breadcrumb":{"@id":"https:\/\/www.leserviceinfo.com\/?page_id=837#breadcrumb"},"inLanguage":"fr-FR","potentialAction":[{"@type":"ReadAction","target":["https:\/\/www.leserviceinfo.com\/?page_id=837"]}]},{"@type":"BreadcrumbList","@id":"https:\/\/www.leserviceinfo.com\/?page_id=837#breadcrumb","itemListElement":[{"@type":"ListItem","position":1,"name":"Accueil","item":"http:\/\/www.leserviceinfo.com\/"},{"@type":"ListItem","position":2,"name":"Nous contacter"}]},{"@type":"WebSite","@id":"http:\/\/www.leserviceinfo.com\/#website","url":"http:\/\/www.leserviceinfo.com\/","name":"Le Service Info","description":"","potentialAction":[{"@type":"SearchAction","target":{"@type":"EntryPoint","urlTemplate":"http:\/\/www.leserviceinfo.com\/?s={search_term_string}"},"query-input":"required name=search_term_string"}],"inLanguage":"fr-FR"}]}},"_links":{"self":[{"href":"https:\/\/www.leserviceinfo.com\/index.php?rest_route=\/wp\/v2\/pages\/837"}],"collection":[{"href":"https:\/\/www.leserviceinfo.com\/index.php?rest_route=\/wp\/v2\/pages"}],"about":[{"href":"https:\/\/www.leserviceinfo.com\/index.php?rest_route=\/wp\/v2\/types\/page"}],"author":[{"embeddable":true,"href":"https:\/\/www.leserviceinfo.com\/index.php?rest_route=\/wp\/v2\/users\/1"}],"replies":[{"embeddable":true,"href":"https:\/\/www.leserviceinfo.com\/index.php?rest_route=%2Fwp%2Fv2%2Fcomments&post=837"}],"version-history":[{"count":9,"href":"https:\/\/www.leserviceinfo.com\/index.php?rest_route=\/wp\/v2\/pages\/837\/revisions"}],"predecessor-version":[{"id":935,"href":"https:\/\/www.leserviceinfo.com\/index.php?rest_route=\/wp\/v2\/pages\/837\/revisions\/935"}],"wp:attachment":[{"href":"https:\/\/www.leserviceinfo.com\/index.php?rest_route=%2Fwp%2Fv2%2Fmedia&parent=837"}],"curies":[{"name":"wp","href":"https:\/\/api.w.org\/{rel}","templated":true}]}}